{"id":7108,"date":"2025-08-18T15:43:59","date_gmt":"2025-08-18T15:43:59","guid":{"rendered":"https:\/\/ziew.online\/?page_id=7108"},"modified":"2026-03-10T14:40:59","modified_gmt":"2026-03-10T14:40:59","slug":"ziew-online","status":"publish","type":"page","link":"https:\/\/ziew.online\/index.php\/ziew-online\/","title":{"rendered":"O nas"},"content":{"rendered":"\n<p class=\"has-drop-cap\">Blog <strong>ziew.online<\/strong> <em>(ZIEW \u2013 akronim od s\u0142\u00f3w &#8222;Zintegrowana Infosfera Ekosystemu Wirtualnego&#8221;)<\/em> to niezale\u017cny blog informacyjny tworzony przez cz\u0142owieka &#8211; dla cz\u0142owieka. Nie jeste\u015b tu kolejnym algorytmem. Dostajesz zintegrowany obraz wirtualnego \u015bwiata \u2013 od najnowszych wydarze\u0144 w kosmosie, przez prze\u0142omowe technologie i cyberzagro\u017cenia, a\u017c po realne skutki AI w codziennym \u017cyciu. \u0141\u0105czymy w jedn\u0105 sp\u00f3jn\u0105 infosfer\u0119 to, co najwa\u017cniejsze:<\/p>\n\n\n\n<ul class=\"wp-block-list\">\n<li>Szybkie Info z kosmosu i rozwoju technolgii;<\/li>\n\n\n\n<li>Cyberstrefa i bezpiecze\u0144stwo w sieci;<\/li>\n\n\n\n<li>Tech-Mech, drony, roboty i przysz\u0142o\u015b\u0107;<\/li>\n\n\n\n<li>Opinie, czyli \u201eMoje pi\u0119\u0107 groszy\u201d bez owijania w bawe\u0142n\u0119.<\/li>\n<\/ul>\n\n\n\n<p>Troch\u0119 luzu, lokalnych spraw i zdrowego dystansu do rzeczywisto\u015bci. Wszystko pisane z pasj\u0105, bez tekst\u00f3w generowanych przez AI oraz ukrytych sponsor\u00f3w. Tu infosfera wirtualnego ekosystemu jest zintegrowana \u2013 nie tylko zoptymalizowana. Zapraszamy do czytania, komentowania oraz bycia cz\u0119\u015bci\u0105 spo\u0142eczno\u015bci ziew.online. <\/p>\n\n\n\n<p><em>Zesp\u00f3\u0142 Virti \u2013 Virtual Im@ge<\/em><\/p>\n\n\n<style>.wp-block-kadence-spacer.kt-block-spacer-7108_a70804-f3 .kt-block-spacer{height:60px;}.wp-block-kadence-spacer.kt-block-spacer-7108_a70804-f3 .kt-divider{border-top-width:1px;height:1px;border-top-color:#eee;width:80%;border-top-style:solid;}<\/style>\n<div class=\"wp-block-kadence-spacer aligncenter kt-block-spacer-7108_a70804-f3\"><div class=\"kt-block-spacer kt-block-spacer-halign-center\"><hr class=\"kt-divider\"\/><\/div><\/div>\n\n\n\n<p class=\"has-drop-cap\">Blog <strong>ziew.online<\/strong> <em>(ZIEW \u2013 Integrated Infosphere of the Virtual Ecosystem)<\/em> is an independent news blog created by a human &#8211; for humans. You\u2019re not just another feed. You get a truly integrated view of the virtual world \u2013 from the latest space news, breakthrough technologies and cyber threats, to the real impact of AI on everyday life. We bring together in one coherent infosphere everything that matters:<\/p>\n\n\n\n<ul class=\"wp-block-list\">\n<li>Quick Space &amp; Tech Info;<\/li>\n\n\n\n<li>Cyber Zone and online security;<\/li>\n\n\n\n<li>Honest \u201cMy two cents\u201d opinions;<\/li>\n\n\n\n<li>Tech-Mech, drones, robotics and the future.<\/li>\n<\/ul>\n\n\n\n<p>A bit of chill, local stories and healthy distance from reality. All written with passion, without AI-generated texts and without hidden sponsors. Here the infosphere of the virtual ecosystem is integrated \u2013 not just optimized. Welcome to reading, commenting and becoming part of the community ziew.online. <\/p>\n\n\n\n<p><em>Team Virti \u2013 Virtual Im@ge<\/em><\/p>\n\n\n\n<figure class=\"wp-block-embed is-type-video is-provider-youtube wp-block-embed-youtube wp-embed-aspect-16-9 wp-has-aspect-ratio\"><div class=\"wp-block-embed__wrapper\">\n<iframe loading=\"lazy\" title=\"ziew.online\" width=\"1290\" height=\"726\" src=\"https:\/\/www.youtube.com\/embed\/yR26KtKLX6I?feature=oembed\" frameborder=\"0\" allow=\"accelerometer; autoplay; clipboard-write; encrypted-media; gyroscope; picture-in-picture; web-share\" referrerpolicy=\"strict-origin-when-cross-origin\" allowfullscreen><\/iframe>\n<\/div><\/figure>\n\n\n\n<h4 class=\"wp-block-heading has-text-align-center\" id=\"badz-czescia-czegos-wiekszego-i-nies-wiedze-oraz-umiejetnosci-w-zgodzie-z-twoja-pasja-do-innych\">B\u0105d\u017a cz\u0119\u015bci\u0105 czego\u015b wi\u0119kszego i nie\u015b wiedz\u0119 oraz umiej\u0119tno\u015bci w zgodzie z Twoj\u0105 pasj\u0105 do innych. <\/h4>\n\n\n\n<h2 class=\"gb-headline gb-headline-55358731 gb-headline-text\">Witamy na <a href=\"https:\/\/ziew.online\/\">ZIEW.ONLINE<\/a>!<\/h2>\n\n\n\n<p><\/p>\n\n\n<style>.wp-block-kadence-spacer.kt-block-spacer-7108_e88c0f-3d .kt-block-spacer{height:60px;}.wp-block-kadence-spacer.kt-block-spacer-7108_e88c0f-3d .kt-divider{border-top-width:1px;height:1px;border-top-color:#eee;width:80%;border-top-style:solid;}<\/style>\n<div class=\"wp-block-kadence-spacer aligncenter kt-block-spacer-7108_e88c0f-3d\"><div class=\"kt-block-spacer kt-block-spacer-halign-center\"><hr class=\"kt-divider\"\/><\/div><\/div>\n\n\n\n<h4 class=\"gb-headline gb-headline-9b15aa32 gb-headline-text\">Zesp\u00f3\u0142 tworz\u0105cy ziew.online:<\/h4>\n\n\n<div class=\"gb-container gb-container-be7c410f\">\n<div class=\"gb-grid-wrapper gb-grid-wrapper-e574162c\">\n<div class=\"gb-grid-column gb-grid-column-eb539dd2\"><div class=\"gb-container gb-container-eb539dd2\">\n<div class=\"gb-container gb-container-01d138b5\">\n\n<h6 class=\"gb-headline gb-headline-ce8a945b\"><span class=\"gb-icon\"><svg aria-hidden=\"true\" role=\"img\" height=\"1em\" width=\"1em\" viewBox=\"0 0 512 512\" xmlns=\"http:\/\/www.w3.org\/2000\/svg\"><path fill=\"currentColor\" d=\"M173.898 439.404l-166.4-166.4c-9.997-9.997-9.997-26.206 0-36.204l36.203-36.204c9.997-9.998 26.207-9.998 36.204 0L192 312.69 432.095 72.596c9.997-9.997 26.207-9.997 36.204 0l36.203 36.204c9.997 9.997 9.997 26.206 0 36.204l-294.4 294.401c-9.998 9.997-26.207 9.997-36.204-.001z\"><\/path><\/svg><\/span><span class=\"gb-headline-text\">W\u0142a\u015bciciel \/ dziennikarz \/ dzia\u0142 reklamy:<\/span><\/h6>\n\n\n\n<p><strong><em>Katarzyna Wysocka<\/em><\/strong><\/p>\n\n<\/div>\n\n<div class=\"gb-container gb-container-5b534c53\">\n\n<p>W\u0142a\u015bciciel blogu ziew.online i firmy informatyczno &#8211; reklamowej <strong><a href=\"https:\/\/virti.net.pl\/\" rel=\"nofollow\">f.u.h. Virti<\/a><\/strong>. Wieloletni fotograf, dziennikarz i ekspert w dziedzinie reklamowo &#8211; sprzeda\u017cowej. Autorytet w handlu nieruchomo\u015bciami.<\/p>\n\n<\/div>\n<\/div><\/div>\n\n<div class=\"gb-grid-column gb-grid-column-64894f9a\"><div class=\"gb-container gb-container-64894f9a\"><\/div><\/div>\n<\/div>\n<\/div>\n\n<div class=\"gb-container gb-container-7d05a5d6\">\n<div class=\"gb-grid-wrapper gb-grid-wrapper-3a944dc0\">\n<div class=\"gb-grid-column gb-grid-column-2073e99d\"><div class=\"gb-container gb-container-2073e99d\">\n<div class=\"gb-container gb-container-8f4bf845\">\n\n<h6 class=\"gb-headline gb-headline-fdfebd9f\"><span class=\"gb-icon\"><svg aria-hidden=\"true\" role=\"img\" height=\"1em\" width=\"1em\" viewBox=\"0 0 512 512\" xmlns=\"http:\/\/www.w3.org\/2000\/svg\"><path fill=\"currentColor\" d=\"M173.898 439.404l-166.4-166.4c-9.997-9.997-9.997-26.206 0-36.204l36.203-36.204c9.997-9.998 26.207-9.998 36.204 0L192 312.69 432.095 72.596c9.997-9.997 26.207-9.997 36.204 0l36.203 36.204c9.997 9.997 9.997 26.206 0 36.204l-294.4 294.401c-9.998 9.997-26.207 9.997-36.204-.001z\"><\/path><\/svg><\/span><span class=\"gb-headline-text\">Project Manager \/ edytor \/ dzia\u0142 techniczny: <\/span><\/h6>\n\n<\/div>\n\n<div class=\"gb-container gb-container-255e1237\">\n\n<p><strong><em>Przemys\u0142aw Wysocki <\/em><\/strong><\/p>\n\n\n\n<p>Wysoce eksperymentalna jednostka (<em>geek skrzy\u017cowany z nerdem<\/em>) z wieloletnim do\u015bwiadczeniem w bran\u017cy informatycznej, wojskowej i reklamowej. Nosi koszulki z memami o programowaniu, kt\u00f3re rozumie tylko on i jego ekipa z Discord-a. Potrafi wyt\u0142umaczy\u0107 teori\u0119 strun, ale gubi si\u0119 w instrukcji sk\u0142adania mebli z IKEA.<\/p>\n\n<\/div>\n<\/div><\/div>\n\n<div class=\"gb-grid-column gb-grid-column-a99757f1\"><div class=\"gb-container gb-container-a99757f1\">\n\n<figure class=\"wp-block-image size-full is-resized\"><img loading=\"lazy\" decoding=\"async\" width=\"200\" height=\"200\" src=\"https:\/\/ziew.online\/wp-content\/uploads\/2023\/11\/cropped-Szefoo2.png\" alt=\"\" class=\"wp-image-3795\" style=\"width:145px;height:auto\" srcset=\"https:\/\/ziew.online\/wp-content\/uploads\/2023\/11\/cropped-Szefoo2.png 200w, https:\/\/ziew.online\/wp-content\/uploads\/2023\/11\/cropped-Szefoo2-150x150.png 150w, https:\/\/ziew.online\/wp-content\/uploads\/2023\/11\/cropped-Szefoo2-12x12.png 12w\" sizes=\"auto, (max-width: 200px) 100vw, 200px\" \/><\/figure>\n\n<\/div><\/div>\n<\/div>\n<\/div>\n\n<div class=\"gb-container gb-container-561b5a86\">\n<div class=\"gb-grid-wrapper gb-grid-wrapper-4550fcc8\">\n<div class=\"gb-grid-column gb-grid-column-aa409b00\"><div class=\"gb-container gb-container-aa409b00\">\n<div class=\"gb-container gb-container-ec5babc9\">\n\n<h6 class=\"gb-headline gb-headline-26e9362c\"><span class=\"gb-icon\"><svg aria-hidden=\"true\" role=\"img\" height=\"1em\" width=\"1em\" viewBox=\"0 0 512 512\" xmlns=\"http:\/\/www.w3.org\/2000\/svg\"><path fill=\"currentColor\" d=\"M173.898 439.404l-166.4-166.4c-9.997-9.997-9.997-26.206 0-36.204l36.203-36.204c9.997-9.998 26.207-9.998 36.204 0L192 312.69 432.095 72.596c9.997-9.997 26.207-9.997 36.204 0l36.203 36.204c9.997 9.997 9.997 26.206 0 36.204l-294.4 294.401c-9.998 9.997-26.207 9.997-36.204-.001z\"><\/path><\/svg><\/span><span class=\"gb-headline-text\">Programista \/ dziennikarz \/ wsparcie techniczne:<\/span><\/h6>\n\n<\/div>\n\n<div class=\"gb-container gb-container-bcd0d34c\">\n\n<p><strong><em>Micha\u0142 Wysocki<\/em><\/strong><\/p>\n\n\n\n<p>Programista, front-end developer. Wsparcie techniczne w dziedzinie informatyki, fotografii i monta\u017cu. <\/p>\n\n<\/div>\n<\/div><\/div>\n\n<div class=\"gb-grid-column gb-grid-column-bdff58cd\"><div class=\"gb-container gb-container-bdff58cd\"><\/div><\/div>\n<\/div>\n<\/div>","protected":false},"excerpt":{"rendered":"<p>Czyli kilka informacji o nas samych i tym czym si\u0119 zajmujemy oraz jak prowadzimy bloga.<\/p>\n","protected":false},"author":1,"featured_media":3327,"parent":0,"menu_order":0,"comment_status":"closed","ping_status":"closed","template":"","meta":{"iawp_total_views":88,"footnotes":""},"class_list":["post-7108","page","type-page","status-publish","has-post-thumbnail","hentry"],"blocksy_meta":{"page_title_panel":"","has_hero_section":"default","90e9494de236423cc6ec2a65e94629a5":"","hero_section":"type-1","hero_alignment1":"left","hero_alignment2":"center","hero_height":"230px","page_title_bg_type":"color","custom_hero_background":{"attachment_id":null},"parallax":{"desktop":false,"tablet":false,"mobile":false},"c2721db2e9d8be79035b98949cb710cb":"","single_meta_elements":{"author":false,"date":false,"categories":false,"comments":false,"updated":false,"tags":false},"has_meta_label":"yes","has_meta_avatar":"yes","date_format_source":"custom","single_meta_date_format":"M j, Y","84f5b05197efcbb3af62487b75a4eac7":"","page_excerpt_visibility":{"desktop":true,"tablet":true,"mobile":false},"pageTitleFont":{"family":"Default","variation":"Default","size":{"desktop":"32px","tablet":"30px","mobile":"25px"},"line-height":"1.3","letter-spacing":"CT_CSS_SKIP_RULE","text-transform":"CT_CSS_SKIP_RULE","text-decoration":"CT_CSS_SKIP_RULE"},"pageTitleFontColor":{"default":{"color":"var(--theme-palette-color-4)"}},"pageMetaFont":{"family":"Default","variation":"n6","size":{"desktop":"12px","tablet":"12px","mobile":"12px"},"line-height":"1.3","letter-spacing":"CT_CSS_SKIP_RULE","text-transform":"uppercase","text-decoration":"CT_CSS_SKIP_RULE"},"pageMetaFontColor":{"default":{"color":"CT_CSS_SKIP_RULEDEFAULT"},"hover":{"color":"CT_CSS_SKIP_RULEDEFAULT"}},"pageExcerptFont":{"family":"Default","variation":"n5","size":"CT_CSS_SKIP_RULE","line-height":"CT_CSS_SKIP_RULE","letter-spacing":"CT_CSS_SKIP_RULE","text-transform":"CT_CSS_SKIP_RULE","text-decoration":"CT_CSS_SKIP_RULE"},"pageExcerptColor":{"default":{"color":"CT_CSS_SKIP_RULEDEFAULT"}},"pageTitleOverlay":{"default":{"color":"rgba(41, 51, 60, 0.2)"}},"pageTitleBackground":{"default":{"color":"#EDEFF2"}},"efc734aefc0e9c34a7605f32c0f9581b":"","page_structure_type":"type-1","page_enable_vertical_spacing":"yes","styles_descriptor":{"styles":{"desktop":"","tablet":"","mobile":""},"google_fonts":[],"version":6},"disable_featured_image":"no"},"yoast_head":"<!-- This site is optimized with the Yoast SEO plugin v27.3 - https:\/\/yoast.com\/product\/yoast-seo-wordpress\/ -->\n<title>O nas - ZIEW.ONLINE<\/title>\n<meta name=\"description\" content=\"Czyli kilka informacji o nas samych i tym czym si\u0119 zajmujemy oraz jak prowadzimy bloga. Zapraszamy do czytania.\" \/>\n<meta name=\"robots\" content=\"index, follow, max-snippet:-1, max-image-preview:large, max-video-preview:-1\" \/>\n<link rel=\"canonical\" href=\"https:\/\/ziew.online\/index.php\/ziew-online\/\" \/>\n<meta property=\"og:locale\" content=\"pl_PL\" \/>\n<meta property=\"og:type\" content=\"article\" \/>\n<meta property=\"og:title\" content=\"O nas - ZIEW.ONLINE\" \/>\n<meta property=\"og:description\" content=\"Czyli kilka informacji o nas samych i tym czym si\u0119 zajmujemy oraz jak prowadzimy bloga. Zapraszamy do czytania.\" \/>\n<meta property=\"og:url\" content=\"https:\/\/ziew.online\/index.php\/ziew-online\/\" \/>\n<meta property=\"og:site_name\" content=\"ZIEW.ONLINE\" \/>\n<meta property=\"article:modified_time\" content=\"2026-03-10T14:40:59+00:00\" \/>\n<meta property=\"og:image\" content=\"https:\/\/ziew.online\/wp-content\/uploads\/2023\/08\/welcome-e1754304934330.jpg\" \/>\n\t<meta property=\"og:image:width\" content=\"533\" \/>\n\t<meta property=\"og:image:height\" content=\"400\" \/>\n\t<meta property=\"og:image:type\" content=\"image\/jpeg\" \/>\n<meta name=\"twitter:card\" content=\"summary_large_image\" \/>\n<meta name=\"twitter:site\" content=\"@Ziew_acz\" \/>\n<meta name=\"twitter:label1\" content=\"Szacowany czas czytania\" \/>\n\t<meta name=\"twitter:data1\" content=\"3 minuty\" \/>\n<script type=\"application\/ld+json\" class=\"yoast-schema-graph\">{\"@context\":\"https:\\\/\\\/schema.org\",\"@graph\":[{\"@type\":\"WebPage\",\"@id\":\"https:\\\/\\\/ziew.online\\\/index.php\\\/ziew-online\\\/\",\"url\":\"https:\\\/\\\/ziew.online\\\/index.php\\\/ziew-online\\\/\",\"name\":\"O nas - ZIEW.ONLINE\",\"isPartOf\":{\"@id\":\"https:\\\/\\\/ziew.online\\\/#website\"},\"primaryImageOfPage\":{\"@id\":\"https:\\\/\\\/ziew.online\\\/index.php\\\/ziew-online\\\/#primaryimage\"},\"image\":{\"@id\":\"https:\\\/\\\/ziew.online\\\/index.php\\\/ziew-online\\\/#primaryimage\"},\"thumbnailUrl\":\"https:\\\/\\\/ziew.online\\\/wp-content\\\/uploads\\\/2023\\\/08\\\/welcome-e1754304934330.jpg\",\"datePublished\":\"2025-08-18T15:43:59+00:00\",\"dateModified\":\"2026-03-10T14:40:59+00:00\",\"description\":\"Czyli kilka informacji o nas samych i tym czym si\u0119 zajmujemy oraz jak prowadzimy bloga. Zapraszamy do czytania.\",\"breadcrumb\":{\"@id\":\"https:\\\/\\\/ziew.online\\\/index.php\\\/ziew-online\\\/#breadcrumb\"},\"inLanguage\":\"pl-PL\",\"potentialAction\":[{\"@type\":\"ReadAction\",\"target\":[\"https:\\\/\\\/ziew.online\\\/index.php\\\/ziew-online\\\/\"]}]},{\"@type\":\"ImageObject\",\"inLanguage\":\"pl-PL\",\"@id\":\"https:\\\/\\\/ziew.online\\\/index.php\\\/ziew-online\\\/#primaryimage\",\"url\":\"https:\\\/\\\/ziew.online\\\/wp-content\\\/uploads\\\/2023\\\/08\\\/welcome-e1754304934330.jpg\",\"contentUrl\":\"https:\\\/\\\/ziew.online\\\/wp-content\\\/uploads\\\/2023\\\/08\\\/welcome-e1754304934330.jpg\",\"width\":533,\"height\":400,\"caption\":\"Info \\\/ welcome\"},{\"@type\":\"BreadcrumbList\",\"@id\":\"https:\\\/\\\/ziew.online\\\/index.php\\\/ziew-online\\\/#breadcrumb\",\"itemListElement\":[{\"@type\":\"ListItem\",\"position\":1,\"name\":\"Strona g\u0142\u00f3wna\",\"item\":\"https:\\\/\\\/ziew.online\\\/\"},{\"@type\":\"ListItem\",\"position\":2,\"name\":\"O nas\"}]},{\"@type\":\"WebSite\",\"@id\":\"https:\\\/\\\/ziew.online\\\/#website\",\"url\":\"https:\\\/\\\/ziew.online\\\/\",\"name\":\"ZIEW.ONLINE\",\"description\":\"Nie prze\u015bpij \u017cycia...\",\"publisher\":{\"@id\":\"https:\\\/\\\/ziew.online\\\/#\\\/schema\\\/person\\\/fb4b16a3abc014b8e9e886d7a57b7bdd\"},\"potentialAction\":[{\"@type\":\"SearchAction\",\"target\":{\"@type\":\"EntryPoint\",\"urlTemplate\":\"https:\\\/\\\/ziew.online\\\/?s={search_term_string}\"},\"query-input\":{\"@type\":\"PropertyValueSpecification\",\"valueRequired\":true,\"valueName\":\"search_term_string\"}}],\"inLanguage\":\"pl-PL\"},{\"@type\":[\"Person\",\"Organization\"],\"@id\":\"https:\\\/\\\/ziew.online\\\/#\\\/schema\\\/person\\\/fb4b16a3abc014b8e9e886d7a57b7bdd\",\"name\":\"Ziew_acz\",\"image\":{\"@type\":\"ImageObject\",\"inLanguage\":\"pl-PL\",\"@id\":\"https:\\\/\\\/ziew.online\\\/wp-content\\\/uploads\\\/2024\\\/08\\\/Ziew_logo_mikr_10_www.png\",\"url\":\"https:\\\/\\\/ziew.online\\\/wp-content\\\/uploads\\\/2024\\\/08\\\/Ziew_logo_mikr_10_www.png\",\"contentUrl\":\"https:\\\/\\\/ziew.online\\\/wp-content\\\/uploads\\\/2024\\\/08\\\/Ziew_logo_mikr_10_www.png\",\"width\":378,\"height\":170,\"caption\":\"Ziew_acz\"},\"logo\":{\"@id\":\"https:\\\/\\\/ziew.online\\\/wp-content\\\/uploads\\\/2024\\\/08\\\/Ziew_logo_mikr_10_www.png\"},\"sameAs\":[\"http:\\\/\\\/ziew.online\",\"https:\\\/\\\/x.com\\\/https:\\\/\\\/twitter.com\\\/i\\\/flow\\\/login?redirect_after_login=Ziew_acz\"]}]}<\/script>\n<!-- \/ Yoast SEO plugin. -->","yoast_head_json":{"title":"O nas - ZIEW.ONLINE","description":"Czyli kilka informacji o nas samych i tym czym si\u0119 zajmujemy oraz jak prowadzimy bloga. Zapraszamy do czytania.","robots":{"index":"index","follow":"follow","max-snippet":"max-snippet:-1","max-image-preview":"max-image-preview:large","max-video-preview":"max-video-preview:-1"},"canonical":"https:\/\/ziew.online\/index.php\/ziew-online\/","og_locale":"pl_PL","og_type":"article","og_title":"O nas - ZIEW.ONLINE","og_description":"Czyli kilka informacji o nas samych i tym czym si\u0119 zajmujemy oraz jak prowadzimy bloga. Zapraszamy do czytania.","og_url":"https:\/\/ziew.online\/index.php\/ziew-online\/","og_site_name":"ZIEW.ONLINE","article_modified_time":"2026-03-10T14:40:59+00:00","og_image":[{"width":533,"height":400,"url":"https:\/\/ziew.online\/wp-content\/uploads\/2023\/08\/welcome-e1754304934330.jpg","type":"image\/jpeg"}],"twitter_card":"summary_large_image","twitter_site":"@Ziew_acz","twitter_misc":{"Szacowany czas czytania":"3 minuty"},"schema":{"@context":"https:\/\/schema.org","@graph":[{"@type":"WebPage","@id":"https:\/\/ziew.online\/index.php\/ziew-online\/","url":"https:\/\/ziew.online\/index.php\/ziew-online\/","name":"O nas - ZIEW.ONLINE","isPartOf":{"@id":"https:\/\/ziew.online\/#website"},"primaryImageOfPage":{"@id":"https:\/\/ziew.online\/index.php\/ziew-online\/#primaryimage"},"image":{"@id":"https:\/\/ziew.online\/index.php\/ziew-online\/#primaryimage"},"thumbnailUrl":"https:\/\/ziew.online\/wp-content\/uploads\/2023\/08\/welcome-e1754304934330.jpg","datePublished":"2025-08-18T15:43:59+00:00","dateModified":"2026-03-10T14:40:59+00:00","description":"Czyli kilka informacji o nas samych i tym czym si\u0119 zajmujemy oraz jak prowadzimy bloga. Zapraszamy do czytania.","breadcrumb":{"@id":"https:\/\/ziew.online\/index.php\/ziew-online\/#breadcrumb"},"inLanguage":"pl-PL","potentialAction":[{"@type":"ReadAction","target":["https:\/\/ziew.online\/index.php\/ziew-online\/"]}]},{"@type":"ImageObject","inLanguage":"pl-PL","@id":"https:\/\/ziew.online\/index.php\/ziew-online\/#primaryimage","url":"https:\/\/ziew.online\/wp-content\/uploads\/2023\/08\/welcome-e1754304934330.jpg","contentUrl":"https:\/\/ziew.online\/wp-content\/uploads\/2023\/08\/welcome-e1754304934330.jpg","width":533,"height":400,"caption":"Info \/ welcome"},{"@type":"BreadcrumbList","@id":"https:\/\/ziew.online\/index.php\/ziew-online\/#breadcrumb","itemListElement":[{"@type":"ListItem","position":1,"name":"Strona g\u0142\u00f3wna","item":"https:\/\/ziew.online\/"},{"@type":"ListItem","position":2,"name":"O nas"}]},{"@type":"WebSite","@id":"https:\/\/ziew.online\/#website","url":"https:\/\/ziew.online\/","name":"ZIEW.ONLINE","description":"Nie prze\u015bpij \u017cycia...","publisher":{"@id":"https:\/\/ziew.online\/#\/schema\/person\/fb4b16a3abc014b8e9e886d7a57b7bdd"},"potentialAction":[{"@type":"SearchAction","target":{"@type":"EntryPoint","urlTemplate":"https:\/\/ziew.online\/?s={search_term_string}"},"query-input":{"@type":"PropertyValueSpecification","valueRequired":true,"valueName":"search_term_string"}}],"inLanguage":"pl-PL"},{"@type":["Person","Organization"],"@id":"https:\/\/ziew.online\/#\/schema\/person\/fb4b16a3abc014b8e9e886d7a57b7bdd","name":"Ziew_acz","image":{"@type":"ImageObject","inLanguage":"pl-PL","@id":"https:\/\/ziew.online\/wp-content\/uploads\/2024\/08\/Ziew_logo_mikr_10_www.png","url":"https:\/\/ziew.online\/wp-content\/uploads\/2024\/08\/Ziew_logo_mikr_10_www.png","contentUrl":"https:\/\/ziew.online\/wp-content\/uploads\/2024\/08\/Ziew_logo_mikr_10_www.png","width":378,"height":170,"caption":"Ziew_acz"},"logo":{"@id":"https:\/\/ziew.online\/wp-content\/uploads\/2024\/08\/Ziew_logo_mikr_10_www.png"},"sameAs":["http:\/\/ziew.online","https:\/\/x.com\/https:\/\/twitter.com\/i\/flow\/login?redirect_after_login=Ziew_acz"]}]}},"_links":{"self":[{"href":"https:\/\/ziew.online\/index.php\/wp-json\/wp\/v2\/pages\/7108","targetHints":{"allow":["GET"]}}],"collection":[{"href":"https:\/\/ziew.online\/index.php\/wp-json\/wp\/v2\/pages"}],"about":[{"href":"https:\/\/ziew.online\/index.php\/wp-json\/wp\/v2\/types\/page"}],"author":[{"embeddable":true,"href":"https:\/\/ziew.online\/index.php\/wp-json\/wp\/v2\/users\/1"}],"replies":[{"embeddable":true,"href":"https:\/\/ziew.online\/index.php\/wp-json\/wp\/v2\/comments?post=7108"}],"version-history":[{"count":12,"href":"https:\/\/ziew.online\/index.php\/wp-json\/wp\/v2\/pages\/7108\/revisions"}],"predecessor-version":[{"id":8177,"href":"https:\/\/ziew.online\/index.php\/wp-json\/wp\/v2\/pages\/7108\/revisions\/8177"}],"wp:featuredmedia":[{"embeddable":true,"href":"https:\/\/ziew.online\/index.php\/wp-json\/wp\/v2\/media\/3327"}],"wp:attachment":[{"href":"https:\/\/ziew.online\/index.php\/wp-json\/wp\/v2\/media?parent=7108"}],"curies":[{"name":"wp","href":"https:\/\/api.w.org\/{rel}","templated":true}]}}