{"id":5346,"date":"2024-09-02T14:52:29","date_gmt":"2024-09-02T14:52:29","guid":{"rendered":"https:\/\/ziew.online\/?page_id=5346"},"modified":"2024-09-02T14:52:31","modified_gmt":"2024-09-02T14:52:31","slug":"regulamin-warunkow-publikacji","status":"publish","type":"page","link":"https:\/\/ziew.online\/index.php\/regulamin-warunkow-publikacji\/","title":{"rendered":"Regulamin warunk\u00f3w publikacji"},"content":{"rendered":"\n<p><\/p>\n\n\n\n<h3 class=\"wp-block-heading\"><strong>Regulamin warunk\u00f3w publikacji artyku\u0142\u00f3w i link\u00f3w.<\/strong><\/h3>\n\n\n\n<h3 class=\"wp-block-heading\"><strong>\u00a7<\/strong><strong>1. Z\u0142o\u017cenie zam\u00f3wienia.<\/strong><\/h3>\n\n\n\n<p><br><strong>pkt.1.<\/strong> Z\u0142o\u017cenie zam\u00f3wienia jest r\u00f3wnoznaczne z akceptacj\u0105 naszego \u201eRegulaminu og\u00f3lnego publikacji artyku\u0142\u00f3w i link\u00f3w\u201d zawartego na portalu <a href=\"http:\/\/www.ziew.online\/\">www.ziew.online<\/a> w zak\u0142adce \u201eu\u017cyteczne informacje\u201d oraz warunk\u00f3w podanych poni\u017cej.<\/p>\n\n\n\n<h3 class=\"wp-block-heading\"><strong>\u00a7<\/strong><strong>2. Og\u00f3lne warunki publikacji artyku\u0142\u00f3w i link\u00f3w.<\/strong><\/h3>\n\n\n\n<p><br><strong>pkt.1.<\/strong> Minimalna d\u0142ugo\u015b\u0107 tekstu dla publikacji wynosi 3000 znak\u00f3w, maksymalna &#8211; 8000 znak\u00f3w (znaki liczone razem ze spacjami).<\/p>\n\n\n\n<p><strong>pkt.2.<\/strong> Dzia\u0142 w kt\u00f3rym zostanie opublikowany artyku\u0142 wybiera \u201eUs\u0142ugodawca\u201d, zmiana dzia\u0142u mo\u017cliwa jest odp\u0142atnie (warunki ustalane s\u0105 indywidualnie).<\/p>\n\n\n\n<p><strong>pkt.3.<\/strong> Redakcja nie zapoznaje si\u0119 z przes\u0142anymi materia\u0142ami do momentu skierowania ich do realizacji (po zaksi\u0119gowaniu wp\u0142aty na naszym koncie bankowym).<\/p>\n\n\n\n<p><strong>pkt.4.<\/strong> Zastrzegamy sobie prawo ingerencji w tekst oraz <strong>tre\u015b\u0107 linka<\/strong>. Tekst s\u0142aby merytorycznie, nieoprawny j\u0119zykowo, z nadmiernie powtarzanymi frazami, link (tekst) z frazami miast i miejscowo\u015bci, szkodliw\u0105 <strong>tre\u015b\u0107 linka<\/strong>, szkodliwe linki i frazy dla SEO, zakazane linki (opisane w punkcie 3.), wszelkie inne elementy niezgodne ze wsp\u00f3\u0142czesnym SEO (ich zgodno\u015b\u0107 z SEO oceniaj\u0105 specjali\u015bci z f.u.h. Virti Wysocka Katarzyna) oraz obowi\u0105zuj\u0105cym prawem \u2013 zostan\u0105 usuni\u0119te lub skorygowane przez redakcj\u0119 i opublikowane w wersji poprawionej. W przypadku korekty tekstu przez nasz\u0105 redakcj\u0119, \u201eZamawiaj\u0105cemu\u201d nie przys\u0142uguje zwrot \u015brodk\u00f3w.<\/p>\n\n\n\n<p><strong>pkt.5.<\/strong> W przypadku dostarczenia materia\u0142\u00f3w w innej formie ni\u017c opisane w <strong>\u00a7<\/strong><strong>4<\/strong> oraz niezgodnych z zam\u00f3wieniem (np. w tek\u015bcie trzy linki, a zosta\u0142o zap\u0142acone za mniejsz\u0105 ilo\u015b\u0107, itp.) zamawiaj\u0105cy z g\u00f3ry akceptuje spos\u00f3b publikacji i wprowadzenia zmian przez redakcj\u0119. W przypadku wprowadzenia zmian przez nasz\u0105 redakcj\u0119, \u201eZamawiaj\u0105cemu\u201d nie przys\u0142uguje zwrot \u015brodk\u00f3w.<\/p>\n\n\n\n<p><strong>pkt.6.<\/strong> Tekst jest domy\u015blnie formatowany jak pozosta\u0142e artyku\u0142y dost\u0119pne na danym portalu (blogu).<\/p>\n\n\n\n<p><strong>pkt.7.<\/strong> Zamawiaj\u0105cy odpowiada za poprawno\u015b\u0107 danych w przes\u0142anych materia\u0142ach &#8211; wszelkie poprawki s\u0105 odp\u0142atne.<\/p>\n\n\n\n<p><strong>pkt.8.<\/strong> Zamawiaj\u0105cy po publikacji otrzymuje e-mail z linkiem do akceptacji. Brak uwag (w odpowiedzi na e-mail lub ca\u0142kowity brak odpowiedzi na e-mail) w ci\u0105gu 48h jest r\u00f3wnoznaczny z akceptacj\u0105 wprowadzonych zmian przez nasz\u0105 redakcj\u0119 oraz akceptacj\u0105 realizacji zam\u00f3wienia. Wprowadzenie zmian po tym terminie jest odp\u0142atne (usuni\u0119cie, zmiany, itp.) &#8211; procedura wprowadzenia zmian jest identyczna jak w przypadku reklamacji.<\/p>\n\n\n\n<p><strong>pkt.9.<\/strong> Cena za publikacje obejmuje wy\u0142\u0105cznie wykonanie publikacji we wskazanym miejscu. Wszelkie inne dzia\u0142ania s\u0105 wykonywana na dodatkowe zlecenie &#8211; zgodnie z cennikiem. Nie odpowiadamy za termin indeksowania stron przez Google, wszelkie dzia\u0142ania w tym zakresie s\u0105 podejmowane jako dodatkowe p\u0142atne zam\u00f3wienie.<\/p>\n\n\n\n<h3 class=\"wp-block-heading\"><strong>\u00a7<\/strong><strong>3. Zakazane publikacje i linki.<\/strong><\/h3>\n\n\n\n<p><a><\/a><br><strong>pkt.1.<\/strong> Nie emitujemy publikacji i link\u00f3w promuj\u0105cych w jakikolwiek spos\u00f3b sprzeda\u017c, po\u015brednictwo w sprzeda\u017cy: substancji zakazanych (w tym narkotyk\u00f3w), substancji psychoaktywnych, pornografii, erotyki, hazardu, broni, alkoholu, amunicji, materia\u0142\u00f3w wybuchowych i fajerwerk\u00f3w, w tym tworzenie instrukcji otrzymywania lub pozyskiwania tych element\u00f3w oraz innych produkt\u00f3w mog\u0105cych wyrz\u0105dzi\u0107 krzywd\u0119 lub szkod\u0119, itp.<\/p>\n\n\n\n<p><strong>pkt.2.<\/strong> Nie akceptujemy linkowania typu &#8222;Krak\u00f3w sklep&#8221;, itp. &#8211; z fraz\u0105 miast i miejscowo\u015bci oraz innych link\u00f3w niezgodnych ze wsp\u00f3\u0142czesnym SEO.<\/p>\n\n\n\n<p><strong>pkt.3.<\/strong> Ka\u017cdy adres www zamieszczony w tek\u015bcie jest traktowany jak link.<\/p>\n\n\n\n<p><strong>pkt.4.<\/strong> W przypadku publikacji o tematyce CBD, kryptowalut i innych produktach i us\u0142ugach, kt\u00f3rych reklamowanie jest zakazane m.in. w Google Ads, itp. &#8211; zasady publikacji i op\u0142aty s\u0105 ustalane indywidualnie.<\/p>\n\n\n\n<h3 class=\"wp-block-heading\"><strong>\u00a7<\/strong><strong>4. Jak dostarczy\u0107 materia\u0142y do publikacji artyku\u0142u \/ linku.<\/strong><\/h3>\n\n\n\n<p><br>Materia\u0142y do danego zam\u00f3wienia nale\u017cy przes\u0142a\u0107 kompletne w jednej wiadomo\u015bci e-mail.<\/p>\n\n\n\n<h4 class=\"wp-block-heading\"><strong>pkt.1.<\/strong> <strong>Artyku\u0142y do publikacji.<\/strong><\/h4>\n\n\n\n<p>Z\u0142o\u017cenie zam\u00f3wienia na <strong>publikacj\u0119 artyku\u0142u<\/strong><strong> <\/strong>wymaga:<\/p>\n\n\n\n<p><strong>a)<\/strong><strong> Dostarczenia artyku\u0142u <\/strong>(lub zam\u00f3wienia napisania artyku\u0142u). <strong>Zalecana<\/strong><strong> <\/strong>forma dostarczenia artyku\u0142u to plik tekstowy, a w nim: kompletny kod HTML do wstawienia. <strong>Opcjonalnie<\/strong>: mo\u017cna dostarczy\u0107 artyku\u0142 w formacie Microsoft Word, powinny by\u0107 w nim zaznaczone nag\u0142\u00f3wki, akapity oraz wprowadzone zam\u00f3wione linki;<\/p>\n\n\n\n<p><strong>b)<\/strong><strong> Wskazania miejsca publikacji <\/strong>(adres portalu lub bloga);<\/p>\n\n\n\n<p><strong>c)<\/strong><strong> Wskazania wybranych opcji <\/strong>publikacji z cennika (ilo\u015b\u0107 link\u00f3w, zdj\u0119\u0107, rodzaj zdj\u0119\u0107, opcje promocji, itd.);<\/p>\n\n\n\n<p><strong>d)<\/strong><strong> Dostarczenie zdj\u0119cia do publikacji: <\/strong><strong>opisane w punkcie <\/strong><strong>\u00a7<\/strong><strong>5.<\/strong><\/p>\n\n\n\n<p><em>Uwaga: Po przes\u0142aniu na nasz e-mail i publikacji artyku\u0142u nie poprawiamy tekstu, link\u00f3w, zdj\u0119\u0107, itd. &#8211; jest to dla nas wersja ostateczna. Wszelkie zmiany po przes\u0142anie tej wersji s\u0105 wykonywane odp\u0142atnie.<\/em><\/p>\n\n\n\n<h4 class=\"wp-block-heading\"><strong>pkt.2.<\/strong> <strong>Linki w dost\u0119pnych artyku\u0142ach<\/strong>.<\/h4>\n\n\n\n<p>Z\u0142o\u017cenie zam\u00f3wienia na <strong>link sponsorowany<\/strong><strong> <\/strong>&#8211; wymaga:<\/p>\n\n\n\n<p><strong>a)<\/strong><strong> <\/strong><strong>Podania adresu www artyku\u0142u<\/strong><strong> <\/strong>w kt\u00f3rym umieszczony ma by\u0107 link;<\/p>\n\n\n\n<p>b) Dok\u0142adne <strong>wskazanie umiejscowienia w nim linku <\/strong>(tre\u015b\u0107 linka);<\/p>\n\n\n\n<p><strong>c)<\/strong><strong> <\/strong><strong>Podanie adresu, kt\u00f3rym ma by\u0107 linkowana <\/strong>wskazana tre\u015b\u0107 linka.<\/p>\n\n\n\n<h3 class=\"wp-block-heading\"><strong>\u00a7<\/strong><strong>5. Zdj\u0119cia do publikacji<\/strong><\/h3>\n\n\n\n<p><strong>pkt.1. Zdj\u0119cia bez op\u0142at <\/strong>(dotyczy zdj\u0119cia g\u0142\u00f3wnego artyku\u0142u).<br>Wymagamy u\u017cywania zdj\u0119\u0107 z darmowych bibliotek zdj\u0119\u0107 (pixabay.com, pexels.com) &#8211; nale\u017cy przes\u0142a\u0107 link do zdj\u0119cia (strona pobrania zdj\u0119cia). W przypadku braku takich informacji, zdj\u0119cie mo\u017ce zosta\u0107 zmienione przez nasz\u0105 redakcje na zdj\u0119cie z wy\u017cej wymienionych bibliotek zdj\u0119\u0107 lub uzyskane poprzez wykorzystanie generator\u00f3w AI &#8211; a zamawiaj\u0105cemu nie b\u0119dzie przys\u0142ugiwa\u0142a bezp\u0142atna zmiana zdj\u0119cia.<\/p>\n\n\n\n<p><strong>pkt.2.<\/strong><strong> Zdj\u0119cia p\u0142atne<\/strong><br>W przypadku u\u017cycia zdj\u0119\u0107 pochodz\u0105cych spoza darmowych og\u00f3lnie dost\u0119pnych bibliotek zdj\u0119\u0107 (pixabay.com, pexels.com, itp.) &#8211; wymagane jest przedstawienie licencji na u\u017cycie zdj\u0119cia w tej formie emisji. Ze wzgl\u0119du na to, \u017ce nasze publikacje s\u0105 wieczyste (nie s\u0105 usuwane) istnieje konieczno\u015b\u0107 przechowywania tych licencji, koszt przechowania licencji to: 400 z\u0142 netto. Inne wymagania:<\/p>\n\n\n\n<p>a) Zdj\u0119cie powinno by\u0107 zgodnie z proporcjami i wymiarami widocznymi w przyk\u0142adowym dowolnym artykule na wybranym portalu (blogu) przez \u201eZamawiaj\u0105cego\u201d;<\/p>\n\n\n\n<p>b) Wielko\u015b\u0107 zdj\u0119cia do 100KB;<\/p>\n\n\n\n<p>c) Zdj\u0119cie nale\u017cy przes\u0142a\u0107 jako za\u0142\u0105cznik do wiadomo\u015bci e-mail.<\/p>\n\n\n\n<p><strong>pkt.3. Zdj\u0119cia (obrazy) spoza darmowych bibliotek<\/strong><br>Dostarczenia zdj\u0119cia spoza darmowych bibliotek zdj\u0119\u0107 i brak informacji o tym podczas sk\u0142adania zam\u00f3wienia \u2013 skutkowa\u0107 mo\u017ce usuni\u0119ciem publikacji bez mo\u017cliwo\u015bci zwrotu op\u0142at.<\/p>\n\n\n\n<p><strong>pkt.4. Zdj\u0119cia (obrazy) licencjonowane i roszczenia z ich tytu\u0142u<\/strong><\/p>\n\n\n\n<p>W przypadku roszcze\u0144 dotycz\u0105cych op\u0142aty za zdj\u0119cia (licencje), \u201eZamawiaj\u0105cy\u201d zobowi\u0105zuje si\u0119 do przedstawiania licencji na zdj\u0119cia w ci\u0105gu 7 dni (liczone od daty przes\u0142ania \u017c\u0105dania na mail). W przypadku braku odpowiedzi lub braku licencji \u201eZamawiaj\u0105cy\u201d zobowi\u0105zuje si\u0119 w ci\u0105gu 7 dni (liczone od daty przes\u0142ania \u017c\u0105dania na mail) na wniesienie stosownych op\u0142at za licencje zdj\u0119\u0107.<\/p>\n\n\n\n<h3 class=\"wp-block-heading\"><strong>\u00a7<\/strong><strong>6. Oznaczenie artyku\u0142u<\/strong>.<\/h3>\n\n\n\n<p><br><strong>pkt.1. <\/strong>Artyku\u0142 jest oznaczony jako &#8222;Artyku\u0142 sponsorowany&#8221; &#8211; lub podobnie. Spos\u00f3b oznaczenia jest ustalany przez \u201eUs\u0142ugodawc\u0119\u201d.<\/p>\n\n\n\n<p><em>Uwagi: Dlaczego nale\u017cy oznacza\u0107 publikacje p\u0142atne? Nie oznaczenie publikacji jest sprzeczne z prawem i stanowi czyn nieuczciwej konkurencji (<\/em><a href=\"https:\/\/isap.sejm.gov.pl\/isap.nsf\/download.xsp\/WDU19930470211\/U\/D19930211Lj.pdf\"><em>art. 16 ust. 1 pkt 4 ustawy o zwalczaniu nieuczciwej konkurencji<\/em><\/a><em>) oraz jest niezgodne z prawem prasowym (<\/em><a href=\"https:\/\/isap.sejm.gov.pl\/isap.nsf\/download.xsp\/WDU19840050024\/U\/D19840024Lj.pdf\"><em>art. 36 ust. 3 prawa prasowego<\/em><\/a><em>).<br>Co grozi za nieoznaczenie reklamy? Zar\u00f3wno dla Wydawcy jak i Reklamodawcy grozi kara finansowa (odpowiedzialno\u015b\u0107 cywilna) oraz kara aresztu lub grzywny (odpowiedzialno\u015b\u0107 karna).<\/em><\/p>\n\n\n\n<h3 class=\"wp-block-heading\"><strong>\u00a7<\/strong><strong>7. P\u0142atno\u015bci i termin publikacji.<\/strong><\/h3>\n\n\n\n<p><br><strong>pkt.1.<\/strong> Wykonanie zlecenia nast\u0119puje w ci\u0105gu 48 godzin od zaksi\u0119gowania wp\u0142aty na naszym koncie bankowym oraz dostarczenia kompletu wytycznych do publikacji. Procedura:<\/p>\n\n\n\n<p>a) Do zam\u00f3wienia jest wystawiana faktura pro forma.<\/p>\n\n\n\n<p>b) Po zaksi\u0119gowaniu wp\u0142aty: na e-mail Zamawiaj\u0105cego jest wys\u0142ana z naszego systemu Faktura VAT a zam\u00f3wienie jest automatycznie kierowane do realizacji.<\/p>\n\n\n\n<p>c) Zamawiaj\u0105cy otrzymuje e-mail z linkiem (informacj\u0105) do akceptacji.<\/p>\n","protected":false},"excerpt":{"rendered":"<p>Regulamin warunk\u00f3w publikacji artyku\u0142\u00f3w i link\u00f3w. \u00a71. Z\u0142o\u017cenie zam\u00f3wienia. pkt.1. Z\u0142o\u017cenie zam\u00f3wienia jest r\u00f3wnoznaczne z akceptacj\u0105 naszego \u201eRegulaminu og\u00f3lnego publikacji artyku\u0142\u00f3w i link\u00f3w\u201d zawartego na portalu www.ziew.online w zak\u0142adce \u201eu\u017cyteczne informacje\u201d oraz warunk\u00f3w podanych poni\u017cej. \u00a72. Og\u00f3lne warunki publikacji artyku\u0142\u00f3w i link\u00f3w. pkt.1. Minimalna d\u0142ugo\u015b\u0107 tekstu dla publikacji wynosi 3000 znak\u00f3w, maksymalna &#8211; 8000 znak\u00f3w [&hellip;]<\/p>\n","protected":false},"author":1,"featured_media":0,"parent":0,"menu_order":0,"comment_status":"closed","ping_status":"closed","template":"","meta":{"iawp_total_views":6,"footnotes":""},"class_list":["post-5346","page","type-page","status-publish","hentry"],"blocksy_meta":[],"yoast_head":"<!-- This site is optimized with the Yoast SEO plugin v27.4 - https:\/\/yoast.com\/product\/yoast-seo-wordpress\/ -->\n<title>Regulamin warunk\u00f3w publikacji - ZIEW.ONLINE<\/title>\n<meta name=\"robots\" content=\"index, follow, max-snippet:-1, max-image-preview:large, max-video-preview:-1\" \/>\n<link rel=\"canonical\" href=\"https:\/\/ziew.online\/index.php\/regulamin-warunkow-publikacji\/\" \/>\n<meta property=\"og:locale\" content=\"pl_PL\" \/>\n<meta property=\"og:type\" content=\"article\" \/>\n<meta property=\"og:title\" content=\"Regulamin warunk\u00f3w publikacji - ZIEW.ONLINE\" \/>\n<meta property=\"og:description\" content=\"Regulamin warunk\u00f3w publikacji artyku\u0142\u00f3w i link\u00f3w. \u00a71. Z\u0142o\u017cenie zam\u00f3wienia. pkt.1. Z\u0142o\u017cenie zam\u00f3wienia jest r\u00f3wnoznaczne z akceptacj\u0105 naszego \u201eRegulaminu og\u00f3lnego publikacji artyku\u0142\u00f3w i link\u00f3w\u201d zawartego na portalu www.ziew.online w zak\u0142adce \u201eu\u017cyteczne informacje\u201d oraz warunk\u00f3w podanych poni\u017cej. \u00a72. Og\u00f3lne warunki publikacji artyku\u0142\u00f3w i link\u00f3w. pkt.1. Minimalna d\u0142ugo\u015b\u0107 tekstu dla publikacji wynosi 3000 znak\u00f3w, maksymalna &#8211; 8000 znak\u00f3w [&hellip;]\" \/>\n<meta property=\"og:url\" content=\"https:\/\/ziew.online\/index.php\/regulamin-warunkow-publikacji\/\" \/>\n<meta property=\"og:site_name\" content=\"ZIEW.ONLINE\" \/>\n<meta property=\"article:modified_time\" content=\"2024-09-02T14:52:31+00:00\" \/>\n<meta name=\"twitter:card\" content=\"summary_large_image\" \/>\n<meta name=\"twitter:site\" content=\"@Ziew_acz\" \/>\n<meta name=\"twitter:label1\" content=\"Szacowany czas czytania\" \/>\n\t<meta name=\"twitter:data1\" content=\"7 minut\" \/>\n<script type=\"application\/ld+json\" class=\"yoast-schema-graph\">{\"@context\":\"https:\\\/\\\/schema.org\",\"@graph\":[{\"@type\":\"WebPage\",\"@id\":\"https:\\\/\\\/ziew.online\\\/index.php\\\/regulamin-warunkow-publikacji\\\/\",\"url\":\"https:\\\/\\\/ziew.online\\\/index.php\\\/regulamin-warunkow-publikacji\\\/\",\"name\":\"Regulamin warunk\u00f3w publikacji - ZIEW.ONLINE\",\"isPartOf\":{\"@id\":\"https:\\\/\\\/ziew.online\\\/#website\"},\"datePublished\":\"2024-09-02T14:52:29+00:00\",\"dateModified\":\"2024-09-02T14:52:31+00:00\",\"breadcrumb\":{\"@id\":\"https:\\\/\\\/ziew.online\\\/index.php\\\/regulamin-warunkow-publikacji\\\/#breadcrumb\"},\"inLanguage\":\"pl-PL\",\"potentialAction\":[{\"@type\":\"ReadAction\",\"target\":[\"https:\\\/\\\/ziew.online\\\/index.php\\\/regulamin-warunkow-publikacji\\\/\"]}]},{\"@type\":\"BreadcrumbList\",\"@id\":\"https:\\\/\\\/ziew.online\\\/index.php\\\/regulamin-warunkow-publikacji\\\/#breadcrumb\",\"itemListElement\":[{\"@type\":\"ListItem\",\"position\":1,\"name\":\"Strona g\u0142\u00f3wna\",\"item\":\"https:\\\/\\\/ziew.online\\\/\"},{\"@type\":\"ListItem\",\"position\":2,\"name\":\"Regulamin warunk\u00f3w publikacji\"}]},{\"@type\":\"WebSite\",\"@id\":\"https:\\\/\\\/ziew.online\\\/#website\",\"url\":\"https:\\\/\\\/ziew.online\\\/\",\"name\":\"ZIEW.ONLINE\",\"description\":\"Nie prze\u015bpij \u017cycia...\",\"publisher\":{\"@id\":\"https:\\\/\\\/ziew.online\\\/#\\\/schema\\\/person\\\/fb4b16a3abc014b8e9e886d7a57b7bdd\"},\"potentialAction\":[{\"@type\":\"SearchAction\",\"target\":{\"@type\":\"EntryPoint\",\"urlTemplate\":\"https:\\\/\\\/ziew.online\\\/?s={search_term_string}\"},\"query-input\":{\"@type\":\"PropertyValueSpecification\",\"valueRequired\":true,\"valueName\":\"search_term_string\"}}],\"inLanguage\":\"pl-PL\"},{\"@type\":[\"Person\",\"Organization\"],\"@id\":\"https:\\\/\\\/ziew.online\\\/#\\\/schema\\\/person\\\/fb4b16a3abc014b8e9e886d7a57b7bdd\",\"name\":\"Ziew_acz\",\"image\":{\"@type\":\"ImageObject\",\"inLanguage\":\"pl-PL\",\"@id\":\"https:\\\/\\\/ziew.online\\\/wp-content\\\/uploads\\\/2024\\\/08\\\/Ziew_logo_mikr_10_www.png\",\"url\":\"https:\\\/\\\/ziew.online\\\/wp-content\\\/uploads\\\/2024\\\/08\\\/Ziew_logo_mikr_10_www.png\",\"contentUrl\":\"https:\\\/\\\/ziew.online\\\/wp-content\\\/uploads\\\/2024\\\/08\\\/Ziew_logo_mikr_10_www.png\",\"width\":378,\"height\":170,\"caption\":\"Ziew_acz\"},\"logo\":{\"@id\":\"https:\\\/\\\/ziew.online\\\/wp-content\\\/uploads\\\/2024\\\/08\\\/Ziew_logo_mikr_10_www.png\"},\"sameAs\":[\"http:\\\/\\\/ziew.online\",\"https:\\\/\\\/x.com\\\/https:\\\/\\\/twitter.com\\\/i\\\/flow\\\/login?redirect_after_login=Ziew_acz\"]}]}<\/script>\n<!-- \/ Yoast SEO plugin. -->","yoast_head_json":{"title":"Regulamin warunk\u00f3w publikacji - ZIEW.ONLINE","robots":{"index":"index","follow":"follow","max-snippet":"max-snippet:-1","max-image-preview":"max-image-preview:large","max-video-preview":"max-video-preview:-1"},"canonical":"https:\/\/ziew.online\/index.php\/regulamin-warunkow-publikacji\/","og_locale":"pl_PL","og_type":"article","og_title":"Regulamin warunk\u00f3w publikacji - ZIEW.ONLINE","og_description":"Regulamin warunk\u00f3w publikacji artyku\u0142\u00f3w i link\u00f3w. \u00a71. Z\u0142o\u017cenie zam\u00f3wienia. pkt.1. Z\u0142o\u017cenie zam\u00f3wienia jest r\u00f3wnoznaczne z akceptacj\u0105 naszego \u201eRegulaminu og\u00f3lnego publikacji artyku\u0142\u00f3w i link\u00f3w\u201d zawartego na portalu www.ziew.online w zak\u0142adce \u201eu\u017cyteczne informacje\u201d oraz warunk\u00f3w podanych poni\u017cej. \u00a72. Og\u00f3lne warunki publikacji artyku\u0142\u00f3w i link\u00f3w. pkt.1. Minimalna d\u0142ugo\u015b\u0107 tekstu dla publikacji wynosi 3000 znak\u00f3w, maksymalna &#8211; 8000 znak\u00f3w [&hellip;]","og_url":"https:\/\/ziew.online\/index.php\/regulamin-warunkow-publikacji\/","og_site_name":"ZIEW.ONLINE","article_modified_time":"2024-09-02T14:52:31+00:00","twitter_card":"summary_large_image","twitter_site":"@Ziew_acz","twitter_misc":{"Szacowany czas czytania":"7 minut"},"schema":{"@context":"https:\/\/schema.org","@graph":[{"@type":"WebPage","@id":"https:\/\/ziew.online\/index.php\/regulamin-warunkow-publikacji\/","url":"https:\/\/ziew.online\/index.php\/regulamin-warunkow-publikacji\/","name":"Regulamin warunk\u00f3w publikacji - ZIEW.ONLINE","isPartOf":{"@id":"https:\/\/ziew.online\/#website"},"datePublished":"2024-09-02T14:52:29+00:00","dateModified":"2024-09-02T14:52:31+00:00","breadcrumb":{"@id":"https:\/\/ziew.online\/index.php\/regulamin-warunkow-publikacji\/#breadcrumb"},"inLanguage":"pl-PL","potentialAction":[{"@type":"ReadAction","target":["https:\/\/ziew.online\/index.php\/regulamin-warunkow-publikacji\/"]}]},{"@type":"BreadcrumbList","@id":"https:\/\/ziew.online\/index.php\/regulamin-warunkow-publikacji\/#breadcrumb","itemListElement":[{"@type":"ListItem","position":1,"name":"Strona g\u0142\u00f3wna","item":"https:\/\/ziew.online\/"},{"@type":"ListItem","position":2,"name":"Regulamin warunk\u00f3w publikacji"}]},{"@type":"WebSite","@id":"https:\/\/ziew.online\/#website","url":"https:\/\/ziew.online\/","name":"ZIEW.ONLINE","description":"Nie prze\u015bpij \u017cycia...","publisher":{"@id":"https:\/\/ziew.online\/#\/schema\/person\/fb4b16a3abc014b8e9e886d7a57b7bdd"},"potentialAction":[{"@type":"SearchAction","target":{"@type":"EntryPoint","urlTemplate":"https:\/\/ziew.online\/?s={search_term_string}"},"query-input":{"@type":"PropertyValueSpecification","valueRequired":true,"valueName":"search_term_string"}}],"inLanguage":"pl-PL"},{"@type":["Person","Organization"],"@id":"https:\/\/ziew.online\/#\/schema\/person\/fb4b16a3abc014b8e9e886d7a57b7bdd","name":"Ziew_acz","image":{"@type":"ImageObject","inLanguage":"pl-PL","@id":"https:\/\/ziew.online\/wp-content\/uploads\/2024\/08\/Ziew_logo_mikr_10_www.png","url":"https:\/\/ziew.online\/wp-content\/uploads\/2024\/08\/Ziew_logo_mikr_10_www.png","contentUrl":"https:\/\/ziew.online\/wp-content\/uploads\/2024\/08\/Ziew_logo_mikr_10_www.png","width":378,"height":170,"caption":"Ziew_acz"},"logo":{"@id":"https:\/\/ziew.online\/wp-content\/uploads\/2024\/08\/Ziew_logo_mikr_10_www.png"},"sameAs":["http:\/\/ziew.online","https:\/\/x.com\/https:\/\/twitter.com\/i\/flow\/login?redirect_after_login=Ziew_acz"]}]}},"_links":{"self":[{"href":"https:\/\/ziew.online\/index.php\/wp-json\/wp\/v2\/pages\/5346","targetHints":{"allow":["GET"]}}],"collection":[{"href":"https:\/\/ziew.online\/index.php\/wp-json\/wp\/v2\/pages"}],"about":[{"href":"https:\/\/ziew.online\/index.php\/wp-json\/wp\/v2\/types\/page"}],"author":[{"embeddable":true,"href":"https:\/\/ziew.online\/index.php\/wp-json\/wp\/v2\/users\/1"}],"replies":[{"embeddable":true,"href":"https:\/\/ziew.online\/index.php\/wp-json\/wp\/v2\/comments?post=5346"}],"version-history":[{"count":3,"href":"https:\/\/ziew.online\/index.php\/wp-json\/wp\/v2\/pages\/5346\/revisions"}],"predecessor-version":[{"id":5349,"href":"https:\/\/ziew.online\/index.php\/wp-json\/wp\/v2\/pages\/5346\/revisions\/5349"}],"wp:attachment":[{"href":"https:\/\/ziew.online\/index.php\/wp-json\/wp\/v2\/media?parent=5346"}],"curies":[{"name":"wp","href":"https:\/\/api.w.org\/{rel}","templated":true}]}}