{"id":4555,"date":"2024-01-29T14:22:48","date_gmt":"2024-01-29T14:22:48","guid":{"rendered":"https:\/\/ziew.online\/?page_id=4555"},"modified":"2025-04-12T09:49:30","modified_gmt":"2025-04-12T09:49:30","slug":"error-404","status":"publish","type":"page","link":"https:\/\/ziew.online\/index.php\/error-404\/","title":{"rendered":"B\u0142\u0105d 404"},"content":{"rendered":"<div class=\"gb-container gb-container-93fc93b9\">\n<style>.kadence-column4555_f43a61-34 > .kt-inside-inner-col{display:flex;}.kadence-column4555_f43a61-34 > .kt-inside-inner-col{padding-top:var(--global-kb-spacing-sm, 1.5rem);padding-right:var(--global-kb-spacing-sm, 1.5rem);padding-left:var(--global-kb-spacing-sm, 1.5rem);}.kadence-column4555_f43a61-34 > .kt-inside-inner-col{box-shadow:0px 0px 14px 0px rgba(0, 0, 0, 0.2);}.kadence-column4555_f43a61-34 > .kt-inside-inner-col,.kadence-column4555_f43a61-34 > .kt-inside-inner-col:before{border-top-left-radius:0px;border-top-right-radius:0px;border-bottom-right-radius:0px;border-bottom-left-radius:0px;}.kadence-column4555_f43a61-34 > .kt-inside-inner-col{column-gap:var(--global-kb-gap-sm, 1rem);}.kadence-column4555_f43a61-34 > .kt-inside-inner-col{flex-direction:row-reverse;flex-wrap:wrap;align-items:center;justify-content:center;}.kadence-column4555_f43a61-34 > .kt-inside-inner-col > *, .kadence-column4555_f43a61-34 > .kt-inside-inner-col > figure.wp-block-image, .kadence-column4555_f43a61-34 > .kt-inside-inner-col > figure.wp-block-kadence-image{margin-top:0px;margin-bottom:0px;}.kadence-column4555_f43a61-34 > .kt-inside-inner-col > .kb-image-is-ratio-size{flex-grow:1;}.kt-row-column-wrap > .kadence-column4555_f43a61-34{align-self:center;}.kt-inner-column-height-full:not(.kt-has-1-columns) > .wp-block-kadence-column.kadence-column4555_f43a61-34{align-self:auto;}.kt-inner-column-height-full:not(.kt-has-1-columns) > .wp-block-kadence-column.kadence-column4555_f43a61-34 > .kt-inside-inner-col{align-items:center;}.kadence-column4555_f43a61-34 > .kt-inside-inner-col:before{opacity:0.3;}.kadence-column4555_f43a61-34{position:relative;}.kadence-column4555_f43a61-34, .kt-inside-inner-col > .kadence-column4555_f43a61-34:not(.specificity){margin-top:0px;}@media all and (max-width: 1024px){.kt-row-column-wrap > .kadence-column4555_f43a61-34{align-self:center;}}@media all and (max-width: 1024px){.kt-inner-column-height-full:not(.kt-has-1-columns) > .wp-block-kadence-column.kadence-column4555_f43a61-34{align-self:auto;}}@media all and (max-width: 1024px){.kt-inner-column-height-full:not(.kt-has-1-columns) > .wp-block-kadence-column.kadence-column4555_f43a61-34 > .kt-inside-inner-col{align-items:center;}}@media all and (max-width: 1024px){.kadence-column4555_f43a61-34 > .kt-inside-inner-col{flex-direction:row-reverse;flex-wrap:wrap;align-items:center;justify-content:center;}}@media all and (min-width: 768px) and (max-width: 1024px){.kadence-column4555_f43a61-34 > .kt-inside-inner-col > *, .kadence-column4555_f43a61-34 > .kt-inside-inner-col > figure.wp-block-image, .kadence-column4555_f43a61-34 > .kt-inside-inner-col > figure.wp-block-kadence-image{margin-top:0px;margin-bottom:0px;}.kadence-column4555_f43a61-34 > .kt-inside-inner-col > .kb-image-is-ratio-size{flex-grow:1;}}@media all and (max-width: 767px){.kt-row-column-wrap > .kadence-column4555_f43a61-34{align-self:center;}.kt-inner-column-height-full:not(.kt-has-1-columns) > .wp-block-kadence-column.kadence-column4555_f43a61-34{align-self:auto;}.kt-inner-column-height-full:not(.kt-has-1-columns) > .wp-block-kadence-column.kadence-column4555_f43a61-34 > .kt-inside-inner-col{align-items:center;}.kadence-column4555_f43a61-34 > .kt-inside-inner-col{flex-direction:row-reverse;flex-wrap:wrap;justify-content:flex-start;justify-content:center;}.kadence-column4555_f43a61-34 > .kt-inside-inner-col > *, .kadence-column4555_f43a61-34 > .kt-inside-inner-col > figure.wp-block-image, .kadence-column4555_f43a61-34 > .kt-inside-inner-col > figure.wp-block-kadence-image{margin-top:0px;margin-bottom:0px;}.kadence-column4555_f43a61-34 > .kt-inside-inner-col > .kb-image-is-ratio-size{flex-grow:1;}}<\/style>\n<div class=\"wp-block-kadence-column kadence-column4555_f43a61-34 kb-section-dir-horizontal-reverse\"><div class=\"kt-inside-inner-col\"><div class=\"gb-container gb-container-c189a9e6\">\n<div class=\"gb-container gb-container-4b86de5b\"><\/div>\n\n<div class=\"gb-container gb-container-0008d136\">\n\n<h2 class=\"wp-block-heading has-text-align-center\" id=\"ups-nie-udalo-sie-znalezc-pozadanej-strony\">Ups! Nie uda\u0142o si\u0119 znale\u017a\u0107 po\u017c\u0105danej strony.<\/h2>\n\n<\/div>\n\n\n<p class=\"has-text-align-center has-palette-color-2-color has-text-color has-link-color has-large-font-size wp-elements-ddbc3fa0828351137caf0958aa89799f\"><strong>Wyst\u0105pi\u0142 b\u0142\u0105d 404!<\/strong><\/p>\n\n\n\n<p class=\"has-text-align-center has-palette-color-3-color has-text-color has-link-color has-medium-font-size wp-elements-60e02224563b6e7108a90a0cd5283dae\" style=\"margin-top:0;margin-right:var(--wp--preset--spacing--40);margin-bottom:0;margin-left:var(--wp--preset--spacing--40)\"><strong>Wygl\u0105da na to, \u017ce w tym miejscu nic nie znaleziono. Mo\u017ce spr\u00f3buj poszuka\u0107 czego\u015b innego?<\/strong><\/p>\n\n\n<form role=\"search\" method=\"get\" action=\"https:\/\/ziew.online\/\" class=\"wp-block-search__button-inside wp-block-search__icon-button aligncenter wp-block-search\"    ><label class=\"wp-block-search__label screen-reader-text\" for=\"wp-block-search__input-1\" >Szukaj<\/label><div class=\"wp-block-search__inside-wrapper\"  style=\"width: 75%\"><input class=\"wp-block-search__input\" id=\"wp-block-search__input-1\" placeholder=\"Szukaj...\" value=\"\" type=\"search\" name=\"s\" required \/><button aria-label=\"Szukaj\" class=\"wp-block-search__button has-icon wp-element-button\" type=\"submit\" ><svg class=\"search-icon\" viewBox=\"0 0 24 24\" width=\"24\" height=\"24\">\n\t\t\t\t\t<path d=\"M13 5c-3.3 0-6 2.7-6 6 0 1.4.5 2.7 1.3 3.7l-3.8 3.8 1.1 1.1 3.8-3.8c1 .8 2.3 1.3 3.7 1.3 3.3 0 6-2.7 6-6S16.3 5 13 5zm0 10.5c-2.5 0-4.5-2-4.5-4.5s2-4.5 4.5-4.5 4.5 2 4.5 4.5-2 4.5-4.5 4.5z\"><\/path>\n\t\t\t\t<\/svg><\/button><\/div><\/form>\n\n\n<p><\/p>\n\n\n\n<p class=\"has-text-align-center has-palette-color-3-color has-text-color has-link-color has-medium-font-size wp-elements-8c46947e02eb70f5979607a4fc85cf9f\" style=\"padding-right:var(--wp--preset--spacing--60);padding-left:var(--wp--preset--spacing--60)\"><strong>Dalej nic nie ma? No c\u00f3\u017c\u2026 Kliknij przycisk poni\u017cej i wr\u00f3\u0107 do pocz\u0105tku!<\/strong><\/p>\n\n\n\n<div class=\"wp-block-buttons is-content-justification-center is-layout-flex wp-container-core-buttons-is-layout-a89b3969 wp-block-buttons-is-layout-flex\">\n<div class=\"wp-block-button has-custom-width wp-block-button__width-50 has-custom-font-size has-medium-font-size\"><a class=\"wp-block-button__link has-text-align-center wp-element-button\" href=\"https:\/\/ziew.online\/\" style=\"border-style:none;border-width:0px;border-radius:10px;padding-top:var(--wp--preset--spacing--30);padding-right:0;padding-bottom:var(--wp--preset--spacing--30);padding-left:0\">Powr\u00f3t<\/a><\/div>\n<\/div>\n\n\n\n<p><\/p>\n\n<\/div><\/div><\/div>\n\n<\/div>","protected":false},"excerpt":{"rendered":"<p>Ups! Nie uda\u0142o si\u0119 znale\u017a\u0107 po\u017c\u0105danej strony. Wyst\u0105pi\u0142 b\u0142\u0105d 404! Wygl\u0105da na to, \u017ce w tym miejscu nic nie znaleziono. Mo\u017ce spr\u00f3buj poszuka\u0107 czego\u015b innego? Dalej nic nie ma? No c\u00f3\u017c\u2026 Kliknij przycisk poni\u017cej i wr\u00f3\u0107 do pocz\u0105tku!<\/p>\n","protected":false},"author":1,"featured_media":0,"parent":0,"menu_order":0,"comment_status":"closed","ping_status":"closed","template":"","meta":{"iawp_total_views":185,"footnotes":""},"class_list":["post-4555","page","type-page","status-publish","hentry"],"blocksy_meta":{"page_structure_type":"default","disable_header":"yes","disable_footer":"yes","styles_descriptor":{"styles":{"desktop":"","tablet":"","mobile":""},"google_fonts":[],"version":6},"has_hero_section":"disabled"},"yoast_head":"<!-- This site is optimized with the Yoast SEO plugin v27.3 - https:\/\/yoast.com\/product\/yoast-seo-wordpress\/ -->\n<title>B\u0142\u0105d 404 - ZIEW.ONLINE<\/title>\n<meta name=\"description\" content=\"B\u0142\u0105d 404 informuje o problemach ze znalezieniem szukanej podstrony. Mo\u017ce by\u0107 spowodowane wpisaniem z\u0142ego adresu lub wadliw\u0105 prac\u0105 serwera.\" \/>\n<meta name=\"robots\" content=\"index, follow, max-snippet:-1, max-image-preview:large, max-video-preview:-1\" \/>\n<link rel=\"canonical\" href=\"https:\/\/ziew.online\/index.php\/error-404\/\" \/>\n<meta property=\"og:locale\" content=\"pl_PL\" \/>\n<meta property=\"og:type\" content=\"article\" \/>\n<meta property=\"og:title\" content=\"B\u0142\u0105d 404 - ZIEW.ONLINE\" \/>\n<meta property=\"og:description\" content=\"B\u0142\u0105d 404 informuje o problemach ze znalezieniem szukanej podstrony. Mo\u017ce by\u0107 spowodowane wpisaniem z\u0142ego adresu lub wadliw\u0105 prac\u0105 serwera.\" \/>\n<meta property=\"og:url\" content=\"https:\/\/ziew.online\/index.php\/error-404\/\" \/>\n<meta property=\"og:site_name\" content=\"ZIEW.ONLINE\" \/>\n<meta property=\"article:modified_time\" content=\"2025-04-12T09:49:30+00:00\" \/>\n<meta name=\"twitter:card\" content=\"summary_large_image\" \/>\n<meta name=\"twitter:site\" content=\"@Ziew_acz\" \/>\n<meta name=\"twitter:label1\" content=\"Szacowany czas czytania\" \/>\n\t<meta name=\"twitter:data1\" content=\"1 minuta\" \/>\n<script type=\"application\/ld+json\" class=\"yoast-schema-graph\">{\"@context\":\"https:\\\/\\\/schema.org\",\"@graph\":[{\"@type\":\"WebPage\",\"@id\":\"https:\\\/\\\/ziew.online\\\/index.php\\\/error-404\\\/\",\"url\":\"https:\\\/\\\/ziew.online\\\/index.php\\\/error-404\\\/\",\"name\":\"B\u0142\u0105d 404 - ZIEW.ONLINE\",\"isPartOf\":{\"@id\":\"https:\\\/\\\/ziew.online\\\/#website\"},\"datePublished\":\"2024-01-29T14:22:48+00:00\",\"dateModified\":\"2025-04-12T09:49:30+00:00\",\"description\":\"B\u0142\u0105d 404 informuje o problemach ze znalezieniem szukanej podstrony. Mo\u017ce by\u0107 spowodowane wpisaniem z\u0142ego adresu lub wadliw\u0105 prac\u0105 serwera.\",\"breadcrumb\":{\"@id\":\"https:\\\/\\\/ziew.online\\\/index.php\\\/error-404\\\/#breadcrumb\"},\"inLanguage\":\"pl-PL\",\"potentialAction\":[{\"@type\":\"ReadAction\",\"target\":[\"https:\\\/\\\/ziew.online\\\/index.php\\\/error-404\\\/\"]}]},{\"@type\":\"BreadcrumbList\",\"@id\":\"https:\\\/\\\/ziew.online\\\/index.php\\\/error-404\\\/#breadcrumb\",\"itemListElement\":[{\"@type\":\"ListItem\",\"position\":1,\"name\":\"Strona g\u0142\u00f3wna\",\"item\":\"https:\\\/\\\/ziew.online\\\/\"},{\"@type\":\"ListItem\",\"position\":2,\"name\":\"B\u0142\u0105d 404\"}]},{\"@type\":\"WebSite\",\"@id\":\"https:\\\/\\\/ziew.online\\\/#website\",\"url\":\"https:\\\/\\\/ziew.online\\\/\",\"name\":\"ZIEW.ONLINE\",\"description\":\"Nie prze\u015bpij \u017cycia...\",\"publisher\":{\"@id\":\"https:\\\/\\\/ziew.online\\\/#\\\/schema\\\/person\\\/fb4b16a3abc014b8e9e886d7a57b7bdd\"},\"potentialAction\":[{\"@type\":\"SearchAction\",\"target\":{\"@type\":\"EntryPoint\",\"urlTemplate\":\"https:\\\/\\\/ziew.online\\\/?s={search_term_string}\"},\"query-input\":{\"@type\":\"PropertyValueSpecification\",\"valueRequired\":true,\"valueName\":\"search_term_string\"}}],\"inLanguage\":\"pl-PL\"},{\"@type\":[\"Person\",\"Organization\"],\"@id\":\"https:\\\/\\\/ziew.online\\\/#\\\/schema\\\/person\\\/fb4b16a3abc014b8e9e886d7a57b7bdd\",\"name\":\"Ziew_acz\",\"image\":{\"@type\":\"ImageObject\",\"inLanguage\":\"pl-PL\",\"@id\":\"https:\\\/\\\/ziew.online\\\/wp-content\\\/uploads\\\/2024\\\/08\\\/Ziew_logo_mikr_10_www.png\",\"url\":\"https:\\\/\\\/ziew.online\\\/wp-content\\\/uploads\\\/2024\\\/08\\\/Ziew_logo_mikr_10_www.png\",\"contentUrl\":\"https:\\\/\\\/ziew.online\\\/wp-content\\\/uploads\\\/2024\\\/08\\\/Ziew_logo_mikr_10_www.png\",\"width\":378,\"height\":170,\"caption\":\"Ziew_acz\"},\"logo\":{\"@id\":\"https:\\\/\\\/ziew.online\\\/wp-content\\\/uploads\\\/2024\\\/08\\\/Ziew_logo_mikr_10_www.png\"},\"sameAs\":[\"http:\\\/\\\/ziew.online\",\"https:\\\/\\\/x.com\\\/https:\\\/\\\/twitter.com\\\/i\\\/flow\\\/login?redirect_after_login=Ziew_acz\"]}]}<\/script>\n<!-- \/ Yoast SEO plugin. -->","yoast_head_json":{"title":"B\u0142\u0105d 404 - ZIEW.ONLINE","description":"B\u0142\u0105d 404 informuje o problemach ze znalezieniem szukanej podstrony. Mo\u017ce by\u0107 spowodowane wpisaniem z\u0142ego adresu lub wadliw\u0105 prac\u0105 serwera.","robots":{"index":"index","follow":"follow","max-snippet":"max-snippet:-1","max-image-preview":"max-image-preview:large","max-video-preview":"max-video-preview:-1"},"canonical":"https:\/\/ziew.online\/index.php\/error-404\/","og_locale":"pl_PL","og_type":"article","og_title":"B\u0142\u0105d 404 - ZIEW.ONLINE","og_description":"B\u0142\u0105d 404 informuje o problemach ze znalezieniem szukanej podstrony. Mo\u017ce by\u0107 spowodowane wpisaniem z\u0142ego adresu lub wadliw\u0105 prac\u0105 serwera.","og_url":"https:\/\/ziew.online\/index.php\/error-404\/","og_site_name":"ZIEW.ONLINE","article_modified_time":"2025-04-12T09:49:30+00:00","twitter_card":"summary_large_image","twitter_site":"@Ziew_acz","twitter_misc":{"Szacowany czas czytania":"1 minuta"},"schema":{"@context":"https:\/\/schema.org","@graph":[{"@type":"WebPage","@id":"https:\/\/ziew.online\/index.php\/error-404\/","url":"https:\/\/ziew.online\/index.php\/error-404\/","name":"B\u0142\u0105d 404 - ZIEW.ONLINE","isPartOf":{"@id":"https:\/\/ziew.online\/#website"},"datePublished":"2024-01-29T14:22:48+00:00","dateModified":"2025-04-12T09:49:30+00:00","description":"B\u0142\u0105d 404 informuje o problemach ze znalezieniem szukanej podstrony. Mo\u017ce by\u0107 spowodowane wpisaniem z\u0142ego adresu lub wadliw\u0105 prac\u0105 serwera.","breadcrumb":{"@id":"https:\/\/ziew.online\/index.php\/error-404\/#breadcrumb"},"inLanguage":"pl-PL","potentialAction":[{"@type":"ReadAction","target":["https:\/\/ziew.online\/index.php\/error-404\/"]}]},{"@type":"BreadcrumbList","@id":"https:\/\/ziew.online\/index.php\/error-404\/#breadcrumb","itemListElement":[{"@type":"ListItem","position":1,"name":"Strona g\u0142\u00f3wna","item":"https:\/\/ziew.online\/"},{"@type":"ListItem","position":2,"name":"B\u0142\u0105d 404"}]},{"@type":"WebSite","@id":"https:\/\/ziew.online\/#website","url":"https:\/\/ziew.online\/","name":"ZIEW.ONLINE","description":"Nie prze\u015bpij \u017cycia...","publisher":{"@id":"https:\/\/ziew.online\/#\/schema\/person\/fb4b16a3abc014b8e9e886d7a57b7bdd"},"potentialAction":[{"@type":"SearchAction","target":{"@type":"EntryPoint","urlTemplate":"https:\/\/ziew.online\/?s={search_term_string}"},"query-input":{"@type":"PropertyValueSpecification","valueRequired":true,"valueName":"search_term_string"}}],"inLanguage":"pl-PL"},{"@type":["Person","Organization"],"@id":"https:\/\/ziew.online\/#\/schema\/person\/fb4b16a3abc014b8e9e886d7a57b7bdd","name":"Ziew_acz","image":{"@type":"ImageObject","inLanguage":"pl-PL","@id":"https:\/\/ziew.online\/wp-content\/uploads\/2024\/08\/Ziew_logo_mikr_10_www.png","url":"https:\/\/ziew.online\/wp-content\/uploads\/2024\/08\/Ziew_logo_mikr_10_www.png","contentUrl":"https:\/\/ziew.online\/wp-content\/uploads\/2024\/08\/Ziew_logo_mikr_10_www.png","width":378,"height":170,"caption":"Ziew_acz"},"logo":{"@id":"https:\/\/ziew.online\/wp-content\/uploads\/2024\/08\/Ziew_logo_mikr_10_www.png"},"sameAs":["http:\/\/ziew.online","https:\/\/x.com\/https:\/\/twitter.com\/i\/flow\/login?redirect_after_login=Ziew_acz"]}]}},"_links":{"self":[{"href":"https:\/\/ziew.online\/index.php\/wp-json\/wp\/v2\/pages\/4555","targetHints":{"allow":["GET"]}}],"collection":[{"href":"https:\/\/ziew.online\/index.php\/wp-json\/wp\/v2\/pages"}],"about":[{"href":"https:\/\/ziew.online\/index.php\/wp-json\/wp\/v2\/types\/page"}],"author":[{"embeddable":true,"href":"https:\/\/ziew.online\/index.php\/wp-json\/wp\/v2\/users\/1"}],"replies":[{"embeddable":true,"href":"https:\/\/ziew.online\/index.php\/wp-json\/wp\/v2\/comments?post=4555"}],"version-history":[{"count":23,"href":"https:\/\/ziew.online\/index.php\/wp-json\/wp\/v2\/pages\/4555\/revisions"}],"predecessor-version":[{"id":6587,"href":"https:\/\/ziew.online\/index.php\/wp-json\/wp\/v2\/pages\/4555\/revisions\/6587"}],"wp:attachment":[{"href":"https:\/\/ziew.online\/index.php\/wp-json\/wp\/v2\/media?parent=4555"}],"curies":[{"name":"wp","href":"https:\/\/api.w.org\/{rel}","templated":true}]}}